{"id":2,"date":"2015-12-29T12:17:01","date_gmt":"2015-12-29T11:17:01","guid":{"rendered":"http:\/\/www.justsardinia.it\/?page_id=2"},"modified":"2016-06-27T11:15:42","modified_gmt":"2016-06-27T09:15:42","slug":"chi-siamo","status":"publish","type":"page","link":"http:\/\/taxisantateresa.it\/index.php\/it\/chi-siamo\/","title":{"rendered":"Chi siamo"},"content":{"rendered":"<h3>Esperienza e professionalit\u00e0 al vostro servizio!<\/h3>\n<p class=\"p_text\" style=\"text-align: justify;\">Siamo un azienda giovane e dinamica con esperienza pluriennale nel settore dei trasporti con sede in Santa Teresa Gallura, operiamo in tutta la Sardegna e offriamo una vasta gamma di servizi con puntualit\u00e0 e professionalit\u00e0. Disponiamo di un ampio parco macchine che ci consente di offrire servizi di qualit\u00e0 a prezzi veramente competitivi. In collaborazione con le migliori Agenzie di viaggio e Tour Operator della zona, organizziamo escursioni giornaliere, tour nazionali ed internazionali.<\/p>\n<p>Siamo a vostra disposizione per:<\/p>\n<table id=\"tabelle_tw\">\n<tr>\n<td style=\"text-align:center;\" width=\"5%\"><i class=\"fa fa-cab fa-2x\"><\/i><\/td>\n<td style=\"vertical-align:middle;\" width=\"83%\"><a href=\"\/index.php\/servizio-taxi\/\">Servizio Taxi 24h su 24h<\/a><\/td>\n<\/tr>\n<tr>\n<td style=\"text-align:center;\"><i class=\"fa fa-bus fa-2x\"><\/i><\/td>\n<td style=\"vertical-align:middle;\"><a href=\"\/index.php\/bus-e-minibus\/\">Autobus e minibus<\/a><\/td>\n<\/tr>\n<tr>\n<td style=\"text-align:center;\"><i class=\"fa fa-group fa-2x\"><\/i><\/td>\n<td><a href=\"\/index.php\/servizio-taxi\/\">Trasferimenti individuali e collettivi<\/a><\/td>\n<\/tr>\n<tr>\n<td style=\"text-align:center;\"><i class=\"fa fa-car fa-2x\"><\/i><\/td>\n<td><a href=\"\/index.php\/noleggio-con-conducente\/\">Autovetture di rappresentanza o per disposizioni<\/a><\/td>\n<\/tr>\n<tr>\n<td style=\"text-align:center;\"><i class=\"fa fa-male fa-2x\"><\/i><\/td>\n<td><a href=\"\/index.php\/noleggio-con-conducente\/\">Noleggio con conducente (ncc)<\/a><\/td>\n<\/tr>\n<tr>\n<td style=\"text-align:center;\"><i class=\"fa fa-key fa-2x\"><\/i><\/td>\n<td><a href=\"http:\/\/www.justsardinia.it\/index.php\/autonoleggio\/\">Noleggio autovetture, scooter e mountain bike<\/a><\/td>\n<\/tr>\n<tr>\n<td style=\"text-align:center;\"><i class=\"fa fa-gift fa-2x\"><\/i><\/td>\n<td><a href=\"\/index.php\/autonoleggio-cerimonie\/\">Autonoleggio per cerimonie ed eventi<\/a><\/td>\n<\/tr>\n<tr>\n<td style=\"text-align:center;\"><i class=\"fa fa-map-signs fa-2x\"><\/i><\/td>\n<td><a href=\"t\/index.php\/escursioni\/escursioni-in-fuoristrada\/\">Escursioni in fuoristrada<\/a><\/td>\n<\/tr>\n<tr>\n<td style=\"text-align:center;\"><i class=\"fa fa-road fa-2x\"><\/i><\/td>\n<td><a \/index.php\/escursioni\/\">Tour nazionali ed internazionali<\/a><\/td>\n<\/tr>\n<\/table>\n","protected":false},"excerpt":{"rendered":"<p>Esperienza e professionalit\u00e0 al vostro servizio! Siamo un azienda giovane e dinamica con esperienza pluriennale nel settore dei trasporti con sede in Santa Teresa Gallura, operiamo in tutta la Sardegna e offriamo una vasta gamma di servizi con puntualit\u00e0 e professionalit\u00e0. Disponiamo di un ampio parco macchine che ci consente [&hellip;]<\/p>\n","protected":false},"author":118,"featured_media":231,"parent":0,"menu_order":10,"comment_status":"closed","ping_status":"closed","template":"","meta":[],"yoast_head":"<!-- This site is optimized with the Yoast SEO plugin v17.0 - https:\/\/yoast.com\/wordpress\/plugins\/seo\/ -->\r\n<title>Chi siamo - Just Sardinia<\/title>\r\n<meta name=\"robots\" content=\"index, follow, max-snippet:-1, max-image-preview:large, max-video-preview:-1\" \/>\r\n<link rel=\"canonical\" href=\"http:\/\/taxisardegna.net\/index.php\/it\/chi-siamo\/\" \/>\r\n<meta property=\"og:locale\" content=\"it_IT\" \/>\r\n<meta property=\"og:type\" content=\"article\" \/>\r\n<meta property=\"og:title\" content=\"Chi siamo - Just Sardinia\" \/>\r\n<meta property=\"og:description\" content=\"Esperienza e professionalit\u00e0 al vostro servizio! Siamo un azienda giovane e dinamica con esperienza pluriennale nel settore dei trasporti con sede in Santa Teresa Gallura, operiamo in tutta la Sardegna e offriamo una vasta gamma di servizi con puntualit\u00e0 e professionalit\u00e0. Disponiamo di un ampio parco macchine che ci consente [&hellip;]\" \/>\r\n<meta property=\"og:url\" content=\"http:\/\/taxisardegna.net\/index.php\/it\/chi-siamo\/\" \/>\r\n<meta property=\"og:site_name\" content=\"Just Sardinia\" \/>\r\n<meta property=\"article:modified_time\" content=\"2016-06-27T09:15:42+00:00\" \/>\r\n<meta property=\"og:image\" content=\"http:\/\/www.justsardinia.it\/wp-content\/uploads\/2015\/12\/chi_siamo.jpg\" \/>\r\n\t<meta property=\"og:image:width\" content=\"1024\" \/>\r\n\t<meta property=\"og:image:height\" content=\"160\" \/>\r\n<meta name=\"twitter:card\" content=\"summary_large_image\" \/>\r\n<meta name=\"twitter:label1\" content=\"Tempo di lettura stimato\" \/>\n\t<meta name=\"twitter:data1\" content=\"1 minuto\" \/>\r\n<script type=\"application\/ld+json\" class=\"yoast-schema-graph\">{\"@context\":\"https:\/\/schema.org\",\"@graph\":[{\"@type\":\"WebSite\",\"@id\":\"http:\/\/ncc-taxisantateresagallura.it\/index.php\/it\/#website\",\"url\":\"http:\/\/ncc-taxisantateresagallura.it\/index.php\/it\/\",\"name\":\"Just Sardinia\",\"description\":\"...the best way to travel\",\"potentialAction\":[{\"@type\":\"SearchAction\",\"target\":{\"@type\":\"EntryPoint\",\"urlTemplate\":\"http:\/\/ncc-taxisantateresagallura.it\/index.php\/it\/?s={search_term_string}\"},\"query-input\":\"required name=search_term_string\"}],\"inLanguage\":\"it-IT\"},{\"@type\":\"ImageObject\",\"@id\":\"http:\/\/taxisardegna.net\/index.php\/it\/chi-siamo\/#primaryimage\",\"inLanguage\":\"it-IT\",\"url\":\"http:\/\/taxisantateresa.it\/wp-content\/uploads\/2015\/12\/chi_siamo.jpg\",\"contentUrl\":\"http:\/\/taxisantateresa.it\/wp-content\/uploads\/2015\/12\/chi_siamo.jpg\",\"width\":1024,\"height\":160},{\"@type\":\"WebPage\",\"@id\":\"http:\/\/taxisardegna.net\/index.php\/it\/chi-siamo\/#webpage\",\"url\":\"http:\/\/taxisardegna.net\/index.php\/it\/chi-siamo\/\",\"name\":\"Chi siamo - Just Sardinia\",\"isPartOf\":{\"@id\":\"http:\/\/ncc-taxisantateresagallura.it\/index.php\/it\/#website\"},\"primaryImageOfPage\":{\"@id\":\"http:\/\/taxisardegna.net\/index.php\/it\/chi-siamo\/#primaryimage\"},\"datePublished\":\"2015-12-29T11:17:01+00:00\",\"dateModified\":\"2016-06-27T09:15:42+00:00\",\"breadcrumb\":{\"@id\":\"http:\/\/taxisardegna.net\/index.php\/it\/chi-siamo\/#breadcrumb\"},\"inLanguage\":\"it-IT\",\"potentialAction\":[{\"@type\":\"ReadAction\",\"target\":[\"http:\/\/taxisardegna.net\/index.php\/it\/chi-siamo\/\"]}]},{\"@type\":\"BreadcrumbList\",\"@id\":\"http:\/\/taxisardegna.net\/index.php\/it\/chi-siamo\/#breadcrumb\",\"itemListElement\":[{\"@type\":\"ListItem\",\"position\":1,\"name\":\"Home\",\"item\":\"http:\/\/ncc-taxisantateresagallura.it\/index.php\/it\/\"},{\"@type\":\"ListItem\",\"position\":2,\"name\":\"Chi siamo\"}]}]}<\/script>\r\n<!-- \/ Yoast SEO plugin. -->","yoast_head_json":{"title":"Chi siamo - Just Sardinia","robots":{"index":"index","follow":"follow","max-snippet":"max-snippet:-1","max-image-preview":"max-image-preview:large","max-video-preview":"max-video-preview:-1"},"canonical":"http:\/\/taxisardegna.net\/index.php\/it\/chi-siamo\/","og_locale":"it_IT","og_type":"article","og_title":"Chi siamo - Just Sardinia","og_description":"Esperienza e professionalit\u00e0 al vostro servizio! Siamo un azienda giovane e dinamica con esperienza pluriennale nel settore dei trasporti con sede in Santa Teresa Gallura, operiamo in tutta la Sardegna e offriamo una vasta gamma di servizi con puntualit\u00e0 e professionalit\u00e0. Disponiamo di un ampio parco macchine che ci consente [&hellip;]","og_url":"http:\/\/taxisardegna.net\/index.php\/it\/chi-siamo\/","og_site_name":"Just Sardinia","article_modified_time":"2016-06-27T09:15:42+00:00","og_image":[{"width":1024,"height":160,"url":"http:\/\/www.justsardinia.it\/wp-content\/uploads\/2015\/12\/chi_siamo.jpg","path":"C:\\inetpub\\wwwroot\\WP_justsardinia\/wp-content\/uploads\/2015\/12\/chi_siamo.jpg","size":"full","id":231,"alt":"","pixels":163840,"type":"image\/jpeg"}],"twitter_card":"summary_large_image","twitter_misc":{"Tempo di lettura stimato":"1 minuto"},"schema":{"@context":"https:\/\/schema.org","@graph":[{"@type":"WebSite","@id":"http:\/\/ncc-taxisantateresagallura.it\/index.php\/it\/#website","url":"http:\/\/ncc-taxisantateresagallura.it\/index.php\/it\/","name":"Just Sardinia","description":"...the best way to travel","potentialAction":[{"@type":"SearchAction","target":{"@type":"EntryPoint","urlTemplate":"http:\/\/ncc-taxisantateresagallura.it\/index.php\/it\/?s={search_term_string}"},"query-input":"required name=search_term_string"}],"inLanguage":"it-IT"},{"@type":"ImageObject","@id":"http:\/\/taxisardegna.net\/index.php\/it\/chi-siamo\/#primaryimage","inLanguage":"it-IT","url":"http:\/\/taxisantateresa.it\/wp-content\/uploads\/2015\/12\/chi_siamo.jpg","contentUrl":"http:\/\/taxisantateresa.it\/wp-content\/uploads\/2015\/12\/chi_siamo.jpg","width":1024,"height":160},{"@type":"WebPage","@id":"http:\/\/taxisardegna.net\/index.php\/it\/chi-siamo\/#webpage","url":"http:\/\/taxisardegna.net\/index.php\/it\/chi-siamo\/","name":"Chi siamo - Just Sardinia","isPartOf":{"@id":"http:\/\/ncc-taxisantateresagallura.it\/index.php\/it\/#website"},"primaryImageOfPage":{"@id":"http:\/\/taxisardegna.net\/index.php\/it\/chi-siamo\/#primaryimage"},"datePublished":"2015-12-29T11:17:01+00:00","dateModified":"2016-06-27T09:15:42+00:00","breadcrumb":{"@id":"http:\/\/taxisardegna.net\/index.php\/it\/chi-siamo\/#breadcrumb"},"inLanguage":"it-IT","potentialAction":[{"@type":"ReadAction","target":["http:\/\/taxisardegna.net\/index.php\/it\/chi-siamo\/"]}]},{"@type":"BreadcrumbList","@id":"http:\/\/taxisardegna.net\/index.php\/it\/chi-siamo\/#breadcrumb","itemListElement":[{"@type":"ListItem","position":1,"name":"Home","item":"http:\/\/ncc-taxisantateresagallura.it\/index.php\/it\/"},{"@type":"ListItem","position":2,"name":"Chi siamo"}]}]}},"_links":{"self":[{"href":"http:\/\/taxisantateresa.it\/index.php\/wp-json\/wp\/v2\/pages\/2"}],"collection":[{"href":"http:\/\/taxisantateresa.it\/index.php\/wp-json\/wp\/v2\/pages"}],"about":[{"href":"http:\/\/taxisantateresa.it\/index.php\/wp-json\/wp\/v2\/types\/page"}],"author":[{"embeddable":true,"href":"http:\/\/taxisantateresa.it\/index.php\/wp-json\/wp\/v2\/users\/118"}],"replies":[{"embeddable":true,"href":"http:\/\/taxisantateresa.it\/index.php\/wp-json\/wp\/v2\/comments?post=2"}],"version-history":[{"count":75,"href":"http:\/\/taxisantateresa.it\/index.php\/wp-json\/wp\/v2\/pages\/2\/revisions"}],"predecessor-version":[{"id":1106,"href":"http:\/\/taxisantateresa.it\/index.php\/wp-json\/wp\/v2\/pages\/2\/revisions\/1106"}],"wp:featuredmedia":[{"embeddable":true,"href":"http:\/\/taxisantateresa.it\/index.php\/wp-json\/wp\/v2\/media\/231"}],"wp:attachment":[{"href":"http:\/\/taxisantateresa.it\/index.php\/wp-json\/wp\/v2\/media?parent=2"}],"curies":[{"name":"wp","href":"https:\/\/api.w.org\/{rel}","templated":true}]}}