{"id":783,"date":"2016-05-20T16:02:15","date_gmt":"2016-05-20T14:02:15","guid":{"rendered":"http:\/\/www.justsardinia.it\/?page_id=783"},"modified":"2018-06-14T16:10:04","modified_gmt":"2018-06-14T14:10:04","slug":"bus-et-minibus","status":"publish","type":"page","link":"http:\/\/taxisantateresa.it\/index.php\/fr\/bus-et-minibus\/","title":{"rendered":"Bus et Minibus"},"content":{"rendered":"<h3>Transport de groupe et comit\u00e9<\/h3>\n<p style=\"text-align: justify;\">Pr\u00e9sent depuis plus de 20 ans dans le secteur du tourisme, nous offrons nos services de location de bus aux principaux Tours Operateurs nationaux et internationaux ainsi que les entreprises, les groupes priv\u00e9s qui organisent des excursions ou transferts, d\u00e9placements jusqu\u2019aux navires de croisi\u00e8res, voyages religieux, scolaires ou du troisi\u00e8me \u00e2ge.<\/p>\n<p style=\"text-align: justify;\">Nous sommes aussi\u00a0 pr\u00e9sents dans le secteur du transport public local, nous g\u00e9rons des d\u00e9placements pour le compte des organismes publics.<\/p>\n<p style=\"text-align: justify;\">Notre s\u00e9lection d\u2019autobus:<\/p>\n<div id=\"container_tw\">\n<ul>\n<li>Irizar Scania &#8211; 53 places<\/li>\n<li>Iribus France &#8211; 53 places<\/li>\n<li>Renault V &#8211; 53 places<\/li>\n<li>Mercedes Benz &#8211; 53 places<\/li>\n<li>Mercedes Benz &#8211; 36 places<\/li>\n<li>Toyota Caetano &#8211; 26 places (transport pour porteur d\u2019handicap)<\/li>\n<li>Mercedes Sprinter &#8211; 19 places<\/li>\n<li>Minibus Fiat &#8211; 14 places<\/li>\n<\/ul>\n<\/div>\n<div id='gallery-1' class='gallery galleryid-783 gallery-columns-4 gallery-size-thumbnail'><figure class='gallery-item'>\n\t\t\t<div class='gallery-icon landscape'>\n\t\t\t\t<a href='http:\/\/taxisantateresa.it\/wp-content\/uploads\/2015\/12\/autobus06.jpg' title=\"\" data-rl_title=\"\" class=\"rl-gallery-link\" data-rl_caption=\"\" data-rel=\"lightbox-gallery-1\"><img width=\"150\" height=\"150\" src=\"http:\/\/taxisantateresa.it\/wp-content\/uploads\/2015\/12\/autobus06-150x150.jpg\" class=\"attachment-thumbnail size-thumbnail\" alt=\"\" loading=\"lazy\" \/><\/a>\n\t\t\t<\/div><\/figure><figure class='gallery-item'>\n\t\t\t<div class='gallery-icon landscape'>\n\t\t\t\t<a href='http:\/\/taxisantateresa.it\/wp-content\/uploads\/2016\/05\/bus_crociere_01.jpg' title=\"\" data-rl_title=\"\" class=\"rl-gallery-link\" data-rl_caption=\"\" data-rel=\"lightbox-gallery-1\"><img width=\"150\" height=\"150\" src=\"http:\/\/taxisantateresa.it\/wp-content\/uploads\/2016\/05\/bus_crociere_01-150x150.jpg\" class=\"attachment-thumbnail size-thumbnail\" alt=\"\" loading=\"lazy\" \/><\/a>\n\t\t\t<\/div><\/figure><figure class='gallery-item'>\n\t\t\t<div class='gallery-icon landscape'>\n\t\t\t\t<a href='http:\/\/taxisantateresa.it\/wp-content\/uploads\/2016\/05\/bus_crociere_02.jpg' title=\"\" data-rl_title=\"\" class=\"rl-gallery-link\" data-rl_caption=\"\" data-rel=\"lightbox-gallery-1\"><img width=\"150\" height=\"150\" src=\"http:\/\/taxisantateresa.it\/wp-content\/uploads\/2016\/05\/bus_crociere_02-150x150.jpg\" class=\"attachment-thumbnail size-thumbnail\" alt=\"\" loading=\"lazy\" \/><\/a>\n\t\t\t<\/div><\/figure><figure class='gallery-item'>\n\t\t\t<div class='gallery-icon landscape'>\n\t\t\t\t<a href='http:\/\/taxisantateresa.it\/wp-content\/uploads\/2016\/05\/bus_crociere_03.jpg' title=\"\" data-rl_title=\"\" class=\"rl-gallery-link\" data-rl_caption=\"\" data-rel=\"lightbox-gallery-1\"><img width=\"150\" height=\"150\" src=\"http:\/\/taxisantateresa.it\/wp-content\/uploads\/2016\/05\/bus_crociere_03-150x150.jpg\" class=\"attachment-thumbnail size-thumbnail\" alt=\"\" loading=\"lazy\" \/><\/a>\n\t\t\t<\/div><\/figure><figure class='gallery-item'>\n\t\t\t<div class='gallery-icon landscape'>\n\t\t\t\t<a href='http:\/\/taxisantateresa.it\/wp-content\/uploads\/2016\/05\/bus_crociere_04.jpg' title=\"\" data-rl_title=\"\" class=\"rl-gallery-link\" data-rl_caption=\"\" data-rel=\"lightbox-gallery-1\"><img width=\"150\" height=\"150\" src=\"http:\/\/taxisantateresa.it\/wp-content\/uploads\/2016\/05\/bus_crociere_04-150x150.jpg\" class=\"attachment-thumbnail size-thumbnail\" alt=\"\" loading=\"lazy\" \/><\/a>\n\t\t\t<\/div><\/figure><figure class='gallery-item'>\n\t\t\t<div class='gallery-icon landscape'>\n\t\t\t\t<a href='http:\/\/taxisantateresa.it\/wp-content\/uploads\/2016\/05\/sprinter_01.jpg' title=\"\" data-rl_title=\"\" class=\"rl-gallery-link\" data-rl_caption=\"\" data-rel=\"lightbox-gallery-1\"><img width=\"150\" height=\"150\" src=\"http:\/\/taxisantateresa.it\/wp-content\/uploads\/2016\/05\/sprinter_01-150x150.jpg\" class=\"attachment-thumbnail size-thumbnail\" alt=\"\" loading=\"lazy\" \/><\/a>\n\t\t\t<\/div><\/figure><figure class='gallery-item'>\n\t\t\t<div class='gallery-icon landscape'>\n\t\t\t\t<a href='http:\/\/taxisantateresa.it\/wp-content\/uploads\/2016\/05\/sprinter_02.jpg' title=\"\" data-rl_title=\"\" class=\"rl-gallery-link\" data-rl_caption=\"\" data-rel=\"lightbox-gallery-1\"><img width=\"150\" height=\"150\" src=\"http:\/\/taxisantateresa.it\/wp-content\/uploads\/2016\/05\/sprinter_02-150x150.jpg\" class=\"attachment-thumbnail size-thumbnail\" alt=\"\" loading=\"lazy\" \/><\/a>\n\t\t\t<\/div><\/figure><figure class='gallery-item'>\n\t\t\t<div class='gallery-icon landscape'>\n\t\t\t\t<a href='http:\/\/taxisantateresa.it\/wp-content\/uploads\/2016\/05\/sprinter_03.jpg' title=\"\" data-rl_title=\"\" class=\"rl-gallery-link\" data-rl_caption=\"\" data-rel=\"lightbox-gallery-1\"><img width=\"150\" height=\"150\" src=\"http:\/\/taxisantateresa.it\/wp-content\/uploads\/2016\/05\/sprinter_03-150x150.jpg\" class=\"attachment-thumbnail size-thumbnail\" alt=\"\" loading=\"lazy\" \/><\/a>\n\t\t\t<\/div><\/figure><figure class='gallery-item'>\n\t\t\t<div class='gallery-icon landscape'>\n\t\t\t\t<a href='http:\/\/taxisantateresa.it\/wp-content\/uploads\/2016\/05\/sprinter_04.jpg' title=\"\" data-rl_title=\"\" class=\"rl-gallery-link\" data-rl_caption=\"\" data-rel=\"lightbox-gallery-1\"><img width=\"150\" height=\"150\" src=\"http:\/\/taxisantateresa.it\/wp-content\/uploads\/2016\/05\/sprinter_04-150x150.jpg\" class=\"attachment-thumbnail size-thumbnail\" alt=\"\" loading=\"lazy\" \/><\/a>\n\t\t\t<\/div><\/figure><figure class='gallery-item'>\n\t\t\t<div class='gallery-icon landscape'>\n\t\t\t\t<a href='http:\/\/taxisantateresa.it\/wp-content\/uploads\/2016\/05\/nuovo_bus_01.jpg' title=\"\" data-rl_title=\"\" class=\"rl-gallery-link\" data-rl_caption=\"\" data-rel=\"lightbox-gallery-1\"><img width=\"150\" height=\"150\" src=\"http:\/\/taxisantateresa.it\/wp-content\/uploads\/2016\/05\/nuovo_bus_01-150x150.jpg\" class=\"attachment-thumbnail size-thumbnail\" alt=\"\" loading=\"lazy\" \/><\/a>\n\t\t\t<\/div><\/figure><figure class='gallery-item'>\n\t\t\t<div class='gallery-icon landscape'>\n\t\t\t\t<a href='http:\/\/taxisantateresa.it\/wp-content\/uploads\/2016\/05\/nuovo_bus_02.jpg' title=\"\" data-rl_title=\"\" class=\"rl-gallery-link\" data-rl_caption=\"\" data-rel=\"lightbox-gallery-1\"><img width=\"150\" height=\"150\" src=\"http:\/\/taxisantateresa.it\/wp-content\/uploads\/2016\/05\/nuovo_bus_02-150x150.jpg\" class=\"attachment-thumbnail size-thumbnail\" alt=\"\" loading=\"lazy\" \/><\/a>\n\t\t\t<\/div><\/figure><figure class='gallery-item'>\n\t\t\t<div class='gallery-icon landscape'>\n\t\t\t\t<a href='http:\/\/taxisantateresa.it\/wp-content\/uploads\/2016\/05\/nuovo_bus_03.jpg' title=\"\" data-rl_title=\"\" class=\"rl-gallery-link\" data-rl_caption=\"\" data-rel=\"lightbox-gallery-1\"><img width=\"150\" height=\"150\" src=\"http:\/\/taxisantateresa.it\/wp-content\/uploads\/2016\/05\/nuovo_bus_03-150x150.jpg\" class=\"attachment-thumbnail size-thumbnail\" alt=\"\" loading=\"lazy\" \/><\/a>\n\t\t\t<\/div><\/figure><figure class='gallery-item'>\n\t\t\t<div class='gallery-icon landscape'>\n\t\t\t\t<a href='http:\/\/taxisantateresa.it\/wp-content\/uploads\/2016\/05\/nuovo_bus_04.jpg' title=\"\" data-rl_title=\"\" class=\"rl-gallery-link\" data-rl_caption=\"\" data-rel=\"lightbox-gallery-1\"><img width=\"150\" height=\"150\" src=\"http:\/\/taxisantateresa.it\/wp-content\/uploads\/2016\/05\/nuovo_bus_04-150x150.jpg\" class=\"attachment-thumbnail size-thumbnail\" alt=\"\" loading=\"lazy\" \/><\/a>\n\t\t\t<\/div><\/figure>\n\t\t<\/div>\n\n","protected":false},"excerpt":{"rendered":"<p>Transport de groupe et comit\u00e9 Pr\u00e9sent depuis plus de 20 ans dans le secteur du tourisme, nous offrons nos services de location de bus aux principaux Tours Operateurs nationaux et internationaux ainsi que les entreprises, les groupes priv\u00e9s qui organisent des excursions ou transferts, d\u00e9placements jusqu\u2019aux navires de croisi\u00e8res, voyages [&hellip;]<\/p>\n","protected":false},"author":118,"featured_media":890,"parent":0,"menu_order":30,"comment_status":"closed","ping_status":"closed","template":"","meta":[],"yoast_head":"<!-- This site is optimized with the Yoast SEO plugin v17.0 - https:\/\/yoast.com\/wordpress\/plugins\/seo\/ -->\r\n<title>Bus et Minibus - Just Sardinia<\/title>\r\n<meta name=\"robots\" content=\"index, follow, max-snippet:-1, max-image-preview:large, max-video-preview:-1\" \/>\r\n<link rel=\"canonical\" href=\"http:\/\/ncc-taxisantateresagallura.it\/index.php\/fr\/bus-et-minibus\/\" \/>\r\n<meta property=\"og:locale\" content=\"it_IT\" \/>\r\n<meta property=\"og:type\" content=\"article\" \/>\r\n<meta property=\"og:title\" content=\"Bus et Minibus - Just Sardinia\" \/>\r\n<meta property=\"og:description\" content=\"Transport de groupe et comit\u00e9 Pr\u00e9sent depuis plus de 20 ans dans le secteur du tourisme, nous offrons nos services de location de bus aux principaux Tours Operateurs nationaux et internationaux ainsi que les entreprises, les groupes priv\u00e9s qui organisent des excursions ou transferts, d\u00e9placements jusqu\u2019aux navires de croisi\u00e8res, voyages [&hellip;]\" \/>\r\n<meta property=\"og:url\" content=\"http:\/\/ncc-taxisantateresagallura.it\/index.php\/fr\/bus-et-minibus\/\" \/>\r\n<meta property=\"og:site_name\" content=\"Just Sardinia\" \/>\r\n<meta property=\"article:modified_time\" content=\"2018-06-14T14:10:04+00:00\" \/>\r\n<meta property=\"og:image\" content=\"http:\/\/www.justsardinia.it\/wp-content\/uploads\/2016\/05\/bus.jpg\" \/>\r\n\t<meta property=\"og:image:width\" content=\"1024\" \/>\r\n\t<meta property=\"og:image:height\" content=\"160\" \/>\r\n<meta name=\"twitter:card\" content=\"summary_large_image\" \/>\r\n<meta name=\"twitter:label1\" content=\"Tempo di lettura stimato\" \/>\n\t<meta name=\"twitter:data1\" content=\"1 minuto\" \/>\r\n<script type=\"application\/ld+json\" class=\"yoast-schema-graph\">{\"@context\":\"https:\/\/schema.org\",\"@graph\":[{\"@type\":\"WebSite\",\"@id\":\"http:\/\/ncc-taxisantateresagallura.it\/index.php\/it\/#website\",\"url\":\"http:\/\/ncc-taxisantateresagallura.it\/index.php\/it\/\",\"name\":\"Just Sardinia\",\"description\":\"...the best way to travel\",\"potentialAction\":[{\"@type\":\"SearchAction\",\"target\":{\"@type\":\"EntryPoint\",\"urlTemplate\":\"http:\/\/ncc-taxisantateresagallura.it\/index.php\/it\/?s={search_term_string}\"},\"query-input\":\"required name=search_term_string\"}],\"inLanguage\":\"it-IT\"},{\"@type\":\"ImageObject\",\"@id\":\"http:\/\/ncc-taxisantateresagallura.it\/index.php\/fr\/bus-et-minibus\/#primaryimage\",\"inLanguage\":\"it-IT\",\"url\":\"http:\/\/taxisantateresa.it\/wp-content\/uploads\/2016\/05\/bus.jpg\",\"contentUrl\":\"http:\/\/taxisantateresa.it\/wp-content\/uploads\/2016\/05\/bus.jpg\",\"width\":1024,\"height\":160},{\"@type\":\"WebPage\",\"@id\":\"http:\/\/ncc-taxisantateresagallura.it\/index.php\/fr\/bus-et-minibus\/#webpage\",\"url\":\"http:\/\/ncc-taxisantateresagallura.it\/index.php\/fr\/bus-et-minibus\/\",\"name\":\"Bus et Minibus - Just Sardinia\",\"isPartOf\":{\"@id\":\"http:\/\/ncc-taxisantateresagallura.it\/index.php\/it\/#website\"},\"primaryImageOfPage\":{\"@id\":\"http:\/\/ncc-taxisantateresagallura.it\/index.php\/fr\/bus-et-minibus\/#primaryimage\"},\"datePublished\":\"2016-05-20T14:02:15+00:00\",\"dateModified\":\"2018-06-14T14:10:04+00:00\",\"breadcrumb\":{\"@id\":\"http:\/\/ncc-taxisantateresagallura.it\/index.php\/fr\/bus-et-minibus\/#breadcrumb\"},\"inLanguage\":\"it-IT\",\"potentialAction\":[{\"@type\":\"ReadAction\",\"target\":[\"http:\/\/ncc-taxisantateresagallura.it\/index.php\/fr\/bus-et-minibus\/\"]}]},{\"@type\":\"BreadcrumbList\",\"@id\":\"http:\/\/ncc-taxisantateresagallura.it\/index.php\/fr\/bus-et-minibus\/#breadcrumb\",\"itemListElement\":[{\"@type\":\"ListItem\",\"position\":1,\"name\":\"Home\",\"item\":\"http:\/\/ncc-taxisantateresagallura.it\/index.php\/it\/\"},{\"@type\":\"ListItem\",\"position\":2,\"name\":\"Bus et Minibus\"}]}]}<\/script>\r\n<!-- \/ Yoast SEO plugin. -->","yoast_head_json":{"title":"Bus et Minibus - Just Sardinia","robots":{"index":"index","follow":"follow","max-snippet":"max-snippet:-1","max-image-preview":"max-image-preview:large","max-video-preview":"max-video-preview:-1"},"canonical":"http:\/\/ncc-taxisantateresagallura.it\/index.php\/fr\/bus-et-minibus\/","og_locale":"it_IT","og_type":"article","og_title":"Bus et Minibus - Just Sardinia","og_description":"Transport de groupe et comit\u00e9 Pr\u00e9sent depuis plus de 20 ans dans le secteur du tourisme, nous offrons nos services de location de bus aux principaux Tours Operateurs nationaux et internationaux ainsi que les entreprises, les groupes priv\u00e9s qui organisent des excursions ou transferts, d\u00e9placements jusqu\u2019aux navires de croisi\u00e8res, voyages [&hellip;]","og_url":"http:\/\/ncc-taxisantateresagallura.it\/index.php\/fr\/bus-et-minibus\/","og_site_name":"Just Sardinia","article_modified_time":"2018-06-14T14:10:04+00:00","og_image":[{"width":1024,"height":160,"url":"http:\/\/www.justsardinia.it\/wp-content\/uploads\/2016\/05\/bus.jpg","path":"C:\\inetpub\\wwwroot\\WP_justsardinia\/wp-content\/uploads\/2016\/05\/bus.jpg","size":"full","id":890,"alt":"","pixels":163840,"type":"image\/jpeg"}],"twitter_card":"summary_large_image","twitter_misc":{"Tempo di lettura stimato":"1 minuto"},"schema":{"@context":"https:\/\/schema.org","@graph":[{"@type":"WebSite","@id":"http:\/\/ncc-taxisantateresagallura.it\/index.php\/it\/#website","url":"http:\/\/ncc-taxisantateresagallura.it\/index.php\/it\/","name":"Just Sardinia","description":"...the best way to travel","potentialAction":[{"@type":"SearchAction","target":{"@type":"EntryPoint","urlTemplate":"http:\/\/ncc-taxisantateresagallura.it\/index.php\/it\/?s={search_term_string}"},"query-input":"required name=search_term_string"}],"inLanguage":"it-IT"},{"@type":"ImageObject","@id":"http:\/\/ncc-taxisantateresagallura.it\/index.php\/fr\/bus-et-minibus\/#primaryimage","inLanguage":"it-IT","url":"http:\/\/taxisantateresa.it\/wp-content\/uploads\/2016\/05\/bus.jpg","contentUrl":"http:\/\/taxisantateresa.it\/wp-content\/uploads\/2016\/05\/bus.jpg","width":1024,"height":160},{"@type":"WebPage","@id":"http:\/\/ncc-taxisantateresagallura.it\/index.php\/fr\/bus-et-minibus\/#webpage","url":"http:\/\/ncc-taxisantateresagallura.it\/index.php\/fr\/bus-et-minibus\/","name":"Bus et Minibus - Just Sardinia","isPartOf":{"@id":"http:\/\/ncc-taxisantateresagallura.it\/index.php\/it\/#website"},"primaryImageOfPage":{"@id":"http:\/\/ncc-taxisantateresagallura.it\/index.php\/fr\/bus-et-minibus\/#primaryimage"},"datePublished":"2016-05-20T14:02:15+00:00","dateModified":"2018-06-14T14:10:04+00:00","breadcrumb":{"@id":"http:\/\/ncc-taxisantateresagallura.it\/index.php\/fr\/bus-et-minibus\/#breadcrumb"},"inLanguage":"it-IT","potentialAction":[{"@type":"ReadAction","target":["http:\/\/ncc-taxisantateresagallura.it\/index.php\/fr\/bus-et-minibus\/"]}]},{"@type":"BreadcrumbList","@id":"http:\/\/ncc-taxisantateresagallura.it\/index.php\/fr\/bus-et-minibus\/#breadcrumb","itemListElement":[{"@type":"ListItem","position":1,"name":"Home","item":"http:\/\/ncc-taxisantateresagallura.it\/index.php\/it\/"},{"@type":"ListItem","position":2,"name":"Bus et Minibus"}]}]}},"_links":{"self":[{"href":"http:\/\/taxisantateresa.it\/index.php\/wp-json\/wp\/v2\/pages\/783"}],"collection":[{"href":"http:\/\/taxisantateresa.it\/index.php\/wp-json\/wp\/v2\/pages"}],"about":[{"href":"http:\/\/taxisantateresa.it\/index.php\/wp-json\/wp\/v2\/types\/page"}],"author":[{"embeddable":true,"href":"http:\/\/taxisantateresa.it\/index.php\/wp-json\/wp\/v2\/users\/118"}],"replies":[{"embeddable":true,"href":"http:\/\/taxisantateresa.it\/index.php\/wp-json\/wp\/v2\/comments?post=783"}],"version-history":[{"count":13,"href":"http:\/\/taxisantateresa.it\/index.php\/wp-json\/wp\/v2\/pages\/783\/revisions"}],"predecessor-version":[{"id":785,"href":"http:\/\/taxisantateresa.it\/index.php\/wp-json\/wp\/v2\/pages\/783\/revisions\/785"}],"wp:featuredmedia":[{"embeddable":true,"href":"http:\/\/taxisantateresa.it\/index.php\/wp-json\/wp\/v2\/media\/890"}],"wp:attachment":[{"href":"http:\/\/taxisantateresa.it\/index.php\/wp-json\/wp\/v2\/media?parent=783"}],"curies":[{"name":"wp","href":"https:\/\/api.w.org\/{rel}","templated":true}]}}