{"id":798,"date":"2016-05-20T16:26:02","date_gmt":"2016-05-20T14:26:02","guid":{"rendered":"http:\/\/www.justsardinia.it\/?page_id=798"},"modified":"2016-06-27T12:19:34","modified_gmt":"2016-06-27T10:19:34","slug":"location-de-scooter","status":"publish","type":"page","link":"http:\/\/taxisantateresa.it\/index.php\/fr\/location-de-voiture\/location-de-scooter\/","title":{"rendered":"Location de Scooter"},"content":{"rendered":"<h3>Se d\u00e9placer rapidement en toute libert\u00e9<\/h3>\n<p style=\"text-align: justify;\">Un s\u00e9jour \u00e0 Santa Teresa Gallura en Scooter est id\u00e9al pour visiter son centre historique, les villes aux alentours, rejoindre les plages, les zones arch\u00e9ologiques, et tout \u00e7a sans probl\u00e8me de parking. Vivre le tourisme \u00e0 l\u2019italienne!<\/p>\n<p style=\"text-align: justify;\">Location journali\u00e8re ou hebdomadaire d\u2019un scooter dernier g\u00e9n\u00e9ration \u00e0 4 temps 125 cc<\/p>\n<p>Model de\u00a0 Scooter:<\/p>\n<p>&nbsp;<\/p>\n<div style=\"width: 33%; float: left; padding: 1%; text-align: center;\"><a href=\"\/wp-content\/uploads\/2016\/03\/scooter01.jpg\" rel=\"attachment wp-att-329\" data-rel=\"lightbox-image-0\" data-rl_title=\"\" data-rl_caption=\"\" title=\"\"><img loading=\"lazy\" class=\"alignnone size-thumbnail wp-image-329\" src=\"\/wp-content\/uploads\/2016\/03\/scooter01-150x150.jpg\" alt=\"noleggio01\" width=\"150\" height=\"150\" \/><\/a><br \/>\nKimko 125<\/div>\n<div style=\"width: 33%; float: left; padding: 1%; text-align: center;\"><a href=\"\/wp-content\/uploads\/2016\/03\/scooter02.jpg\" rel=\"attachment wp-att-329\" data-rel=\"lightbox-image-1\" data-rl_title=\"\" data-rl_caption=\"\" title=\"\"><img loading=\"lazy\" class=\"alignnone size-thumbnail wp-image-329\" src=\"\/wp-content\/uploads\/2016\/03\/scooter02-150x150.jpg\" alt=\"noleggio01\" width=\"150\" height=\"150\" \/><\/a><br \/>\nSIM 125<\/div>\n<div style=\"width: 33%; float: left; padding: 1%; text-align: center;\"><a href=\"\/wp-content\/uploads\/2016\/03\/scooter03.jpg\" rel=\"attachment wp-att-329\" data-rel=\"lightbox-image-2\" data-rl_title=\"\" data-rl_caption=\"\" title=\"\"><img loading=\"lazy\" class=\"alignnone size-thumbnail wp-image-329\" src=\"\/wp-content\/uploads\/2016\/03\/scooter03-150x150.jpg\" alt=\"noleggio01\" width=\"150\" height=\"150\" \/><\/a><br \/>\nAprilia 125<\/div>\n<div style=\"padding: 20px;\"><\/div>\n<p style=\"text-align: justify;\">Location d\u2019un scooter avec kilom\u00e9trage illimit\u00e9.<\/p>\n<ul>\n<li>La location comprend l\u2019assurance et un casque.<\/li>\n<li>Dur\u00e9e de location d\u2019une moto est de minimum 1 jour<\/li>\n<li>Limite d\u2019\u00e2ge : minimum 18 ans.<\/li>\n<li>Documents n\u00e9cessaires\u00a0: Carte d\u2019identit\u00e9 ou passeport-permis de conduire valable en Italie<\/li>\n<\/ul>\n<p style=\"text-align: justify;\">Assurance: elle couvre les dommages sur les tiers parties.les d\u00e9g\u00e2ts sur les v\u00e9hicules sont couverts par une franchise de 500 euro sur les scooters \u00e0 essence.<\/p>\n<p style=\"text-align: justify;\">Location et restitution des motos\u00a0: via Maria Teresa, 60-SantaTeresa Gallura<\/p>\n<p style=\"text-align: justify;\">Mais il est possible de se faire livrer le scooter \u00e0 d\u2019autres endroits sur demande.<\/p>\n<p>&nbsp;<\/p>\n<p><span style=\"border-radius: 2px; text-indent: 20px; width: auto; padding: 0px 4px 0px 0px; text-align: center; font: bold 11px\/20px 'Helvetica Neue',Helvetica,sans-serif; color: #ffffff; background: #bd081c  no-repeat scroll 3px 50% \/ 14px 14px; position: absolute; opacity: 1; z-index: 8675309; display: none; cursor: pointer;\">Salva<\/span><\/p>\n","protected":false},"excerpt":{"rendered":"<p>Se d\u00e9placer rapidement en toute libert\u00e9 Un s\u00e9jour \u00e0 Santa Teresa Gallura en Scooter est id\u00e9al pour visiter son centre historique, les villes aux alentours, rejoindre les plages, les zones arch\u00e9ologiques, et tout \u00e7a sans probl\u00e8me de parking. Vivre le tourisme \u00e0 l\u2019italienne! Location journali\u00e8re ou hebdomadaire d\u2019un scooter dernier [&hellip;]<\/p>\n","protected":false},"author":118,"featured_media":236,"parent":793,"menu_order":0,"comment_status":"closed","ping_status":"closed","template":"","meta":[],"yoast_head":"<!-- This site is optimized with the Yoast SEO plugin v17.0 - https:\/\/yoast.com\/wordpress\/plugins\/seo\/ -->\r\n<title>Location de Scooter - Just Sardinia<\/title>\r\n<meta name=\"robots\" content=\"index, follow, max-snippet:-1, max-image-preview:large, max-video-preview:-1\" \/>\r\n<link rel=\"canonical\" href=\"http:\/\/www.ncc-taxicostasmeralda.it\/index.php\/fr\/location-de-voiture\/location-de-scooter\/\" \/>\r\n<meta property=\"og:locale\" content=\"it_IT\" \/>\r\n<meta property=\"og:type\" content=\"article\" \/>\r\n<meta property=\"og:title\" content=\"Location de Scooter - Just Sardinia\" \/>\r\n<meta property=\"og:description\" content=\"Se d\u00e9placer rapidement en toute libert\u00e9 Un s\u00e9jour \u00e0 Santa Teresa Gallura en Scooter est id\u00e9al pour visiter son centre historique, les villes aux alentours, rejoindre les plages, les zones arch\u00e9ologiques, et tout \u00e7a sans probl\u00e8me de parking. Vivre le tourisme \u00e0 l\u2019italienne! Location journali\u00e8re ou hebdomadaire d\u2019un scooter dernier [&hellip;]\" \/>\r\n<meta property=\"og:url\" content=\"http:\/\/www.ncc-taxicostasmeralda.it\/index.php\/fr\/location-de-voiture\/location-de-scooter\/\" \/>\r\n<meta property=\"og:site_name\" content=\"Just Sardinia\" \/>\r\n<meta property=\"article:modified_time\" content=\"2016-06-27T10:19:34+00:00\" \/>\r\n<meta property=\"og:image\" content=\"http:\/\/www.justsardinia.it\/wp-content\/uploads\/2015\/12\/scooter.jpg\" \/>\r\n\t<meta property=\"og:image:width\" content=\"1024\" \/>\r\n\t<meta property=\"og:image:height\" content=\"160\" \/>\r\n<meta name=\"twitter:card\" content=\"summary_large_image\" \/>\r\n<meta name=\"twitter:label1\" content=\"Tempo di lettura stimato\" \/>\n\t<meta name=\"twitter:data1\" content=\"1 minuto\" \/>\r\n<script type=\"application\/ld+json\" class=\"yoast-schema-graph\">{\"@context\":\"https:\/\/schema.org\",\"@graph\":[{\"@type\":\"WebSite\",\"@id\":\"http:\/\/ncc-taxisantateresagallura.it\/index.php\/fr\/#website\",\"url\":\"http:\/\/ncc-taxisantateresagallura.it\/index.php\/fr\/\",\"name\":\"Just Sardinia\",\"description\":\"...the best way to travel\",\"potentialAction\":[{\"@type\":\"SearchAction\",\"target\":{\"@type\":\"EntryPoint\",\"urlTemplate\":\"http:\/\/ncc-taxisantateresagallura.it\/index.php\/fr\/?s={search_term_string}\"},\"query-input\":\"required name=search_term_string\"}],\"inLanguage\":\"it-IT\"},{\"@type\":\"ImageObject\",\"@id\":\"http:\/\/www.ncc-taxicostasmeralda.it\/index.php\/fr\/location-de-voiture\/location-de-scooter\/#primaryimage\",\"inLanguage\":\"it-IT\",\"url\":\"http:\/\/taxisantateresa.it\/wp-content\/uploads\/2015\/12\/scooter.jpg\",\"contentUrl\":\"http:\/\/taxisantateresa.it\/wp-content\/uploads\/2015\/12\/scooter.jpg\",\"width\":1024,\"height\":160},{\"@type\":\"WebPage\",\"@id\":\"http:\/\/www.ncc-taxicostasmeralda.it\/index.php\/fr\/location-de-voiture\/location-de-scooter\/#webpage\",\"url\":\"http:\/\/www.ncc-taxicostasmeralda.it\/index.php\/fr\/location-de-voiture\/location-de-scooter\/\",\"name\":\"Location de Scooter - Just Sardinia\",\"isPartOf\":{\"@id\":\"http:\/\/ncc-taxisantateresagallura.it\/index.php\/fr\/#website\"},\"primaryImageOfPage\":{\"@id\":\"http:\/\/www.ncc-taxicostasmeralda.it\/index.php\/fr\/location-de-voiture\/location-de-scooter\/#primaryimage\"},\"datePublished\":\"2016-05-20T14:26:02+00:00\",\"dateModified\":\"2016-06-27T10:19:34+00:00\",\"breadcrumb\":{\"@id\":\"http:\/\/www.ncc-taxicostasmeralda.it\/index.php\/fr\/location-de-voiture\/location-de-scooter\/#breadcrumb\"},\"inLanguage\":\"it-IT\",\"potentialAction\":[{\"@type\":\"ReadAction\",\"target\":[\"http:\/\/www.ncc-taxicostasmeralda.it\/index.php\/fr\/location-de-voiture\/location-de-scooter\/\"]}]},{\"@type\":\"BreadcrumbList\",\"@id\":\"http:\/\/www.ncc-taxicostasmeralda.it\/index.php\/fr\/location-de-voiture\/location-de-scooter\/#breadcrumb\",\"itemListElement\":[{\"@type\":\"ListItem\",\"position\":1,\"name\":\"Home\",\"item\":\"http:\/\/ncc-taxisantateresagallura.it\/index.php\/fr\/\"},{\"@type\":\"ListItem\",\"position\":2,\"name\":\"Location de voiture\",\"item\":\"http:\/\/www.taxisantateresagallura.it\/index.php\/fr\/location-de-voiture\/\"},{\"@type\":\"ListItem\",\"position\":3,\"name\":\"Location de Scooter\"}]}]}<\/script>\r\n<!-- \/ Yoast SEO plugin. -->","yoast_head_json":{"title":"Location de Scooter - Just Sardinia","robots":{"index":"index","follow":"follow","max-snippet":"max-snippet:-1","max-image-preview":"max-image-preview:large","max-video-preview":"max-video-preview:-1"},"canonical":"http:\/\/www.ncc-taxicostasmeralda.it\/index.php\/fr\/location-de-voiture\/location-de-scooter\/","og_locale":"it_IT","og_type":"article","og_title":"Location de Scooter - Just Sardinia","og_description":"Se d\u00e9placer rapidement en toute libert\u00e9 Un s\u00e9jour \u00e0 Santa Teresa Gallura en Scooter est id\u00e9al pour visiter son centre historique, les villes aux alentours, rejoindre les plages, les zones arch\u00e9ologiques, et tout \u00e7a sans probl\u00e8me de parking. Vivre le tourisme \u00e0 l\u2019italienne! Location journali\u00e8re ou hebdomadaire d\u2019un scooter dernier [&hellip;]","og_url":"http:\/\/www.ncc-taxicostasmeralda.it\/index.php\/fr\/location-de-voiture\/location-de-scooter\/","og_site_name":"Just Sardinia","article_modified_time":"2016-06-27T10:19:34+00:00","og_image":[{"width":1024,"height":160,"url":"http:\/\/www.justsardinia.it\/wp-content\/uploads\/2015\/12\/scooter.jpg","path":"C:\\inetpub\\wwwroot\\WP_justsardinia\/wp-content\/uploads\/2015\/12\/scooter.jpg","size":"full","id":236,"alt":"","pixels":163840,"type":"image\/jpeg"}],"twitter_card":"summary_large_image","twitter_misc":{"Tempo di lettura stimato":"1 minuto"},"schema":{"@context":"https:\/\/schema.org","@graph":[{"@type":"WebSite","@id":"http:\/\/ncc-taxisantateresagallura.it\/index.php\/fr\/#website","url":"http:\/\/ncc-taxisantateresagallura.it\/index.php\/fr\/","name":"Just Sardinia","description":"...the best way to travel","potentialAction":[{"@type":"SearchAction","target":{"@type":"EntryPoint","urlTemplate":"http:\/\/ncc-taxisantateresagallura.it\/index.php\/fr\/?s={search_term_string}"},"query-input":"required name=search_term_string"}],"inLanguage":"it-IT"},{"@type":"ImageObject","@id":"http:\/\/www.ncc-taxicostasmeralda.it\/index.php\/fr\/location-de-voiture\/location-de-scooter\/#primaryimage","inLanguage":"it-IT","url":"http:\/\/taxisantateresa.it\/wp-content\/uploads\/2015\/12\/scooter.jpg","contentUrl":"http:\/\/taxisantateresa.it\/wp-content\/uploads\/2015\/12\/scooter.jpg","width":1024,"height":160},{"@type":"WebPage","@id":"http:\/\/www.ncc-taxicostasmeralda.it\/index.php\/fr\/location-de-voiture\/location-de-scooter\/#webpage","url":"http:\/\/www.ncc-taxicostasmeralda.it\/index.php\/fr\/location-de-voiture\/location-de-scooter\/","name":"Location de Scooter - Just Sardinia","isPartOf":{"@id":"http:\/\/ncc-taxisantateresagallura.it\/index.php\/fr\/#website"},"primaryImageOfPage":{"@id":"http:\/\/www.ncc-taxicostasmeralda.it\/index.php\/fr\/location-de-voiture\/location-de-scooter\/#primaryimage"},"datePublished":"2016-05-20T14:26:02+00:00","dateModified":"2016-06-27T10:19:34+00:00","breadcrumb":{"@id":"http:\/\/www.ncc-taxicostasmeralda.it\/index.php\/fr\/location-de-voiture\/location-de-scooter\/#breadcrumb"},"inLanguage":"it-IT","potentialAction":[{"@type":"ReadAction","target":["http:\/\/www.ncc-taxicostasmeralda.it\/index.php\/fr\/location-de-voiture\/location-de-scooter\/"]}]},{"@type":"BreadcrumbList","@id":"http:\/\/www.ncc-taxicostasmeralda.it\/index.php\/fr\/location-de-voiture\/location-de-scooter\/#breadcrumb","itemListElement":[{"@type":"ListItem","position":1,"name":"Home","item":"http:\/\/ncc-taxisantateresagallura.it\/index.php\/fr\/"},{"@type":"ListItem","position":2,"name":"Location de voiture","item":"http:\/\/www.taxisantateresagallura.it\/index.php\/fr\/location-de-voiture\/"},{"@type":"ListItem","position":3,"name":"Location de Scooter"}]}]}},"_links":{"self":[{"href":"http:\/\/taxisantateresa.it\/index.php\/wp-json\/wp\/v2\/pages\/798"}],"collection":[{"href":"http:\/\/taxisantateresa.it\/index.php\/wp-json\/wp\/v2\/pages"}],"about":[{"href":"http:\/\/taxisantateresa.it\/index.php\/wp-json\/wp\/v2\/types\/page"}],"author":[{"embeddable":true,"href":"http:\/\/taxisantateresa.it\/index.php\/wp-json\/wp\/v2\/users\/118"}],"replies":[{"embeddable":true,"href":"http:\/\/taxisantateresa.it\/index.php\/wp-json\/wp\/v2\/comments?post=798"}],"version-history":[{"count":5,"href":"http:\/\/taxisantateresa.it\/index.php\/wp-json\/wp\/v2\/pages\/798\/revisions"}],"predecessor-version":[{"id":1139,"href":"http:\/\/taxisantateresa.it\/index.php\/wp-json\/wp\/v2\/pages\/798\/revisions\/1139"}],"up":[{"embeddable":true,"href":"http:\/\/taxisantateresa.it\/index.php\/wp-json\/wp\/v2\/pages\/793"}],"wp:featuredmedia":[{"embeddable":true,"href":"http:\/\/taxisantateresa.it\/index.php\/wp-json\/wp\/v2\/media\/236"}],"wp:attachment":[{"href":"http:\/\/taxisantateresa.it\/index.php\/wp-json\/wp\/v2\/media?parent=798"}],"curies":[{"name":"wp","href":"https:\/\/api.w.org\/{rel}","templated":true}]}}