{"id":816,"date":"2016-05-20T16:50:15","date_gmt":"2016-05-20T14:50:15","guid":{"rendered":"http:\/\/www.justsardinia.it\/?page_id=816"},"modified":"2016-06-27T11:10:49","modified_gmt":"2016-06-27T09:10:49","slug":"calessino-piaggio-fr","status":"publish","type":"page","link":"http:\/\/taxisantateresa.it\/index.php\/fr\/location-de-vehicule-pour-les-ceremonies\/calessino-piaggio-fr\/","title":{"rendered":"Calessino Piaggio"},"content":{"rendered":"<h3>Nostalgique et originale<\/h3>\n<p style=\"text-align: justify;\">Le \u201cCalessino\u201d nait en 1948 d\u2019une modification apport\u00e9e \u00e0 la petite voiture appel\u00e9e \u00ab\u00a0Ape\u00a0\u00bb et d\u2019une transformation faite sur la \u00ab\u00a0Vespa\u00a0\u00bb en lui ajoutant une troisi\u00e8me roue.<\/p>\n<p style=\"text-align: justify;\">Son nom \u00ab\u00a0petite cal\u00e8che\u00a0\u00bb d\u00e9rive de l\u2019aspect de son premier mod\u00e8le, constitu\u00e9e \u00e0 partir d\u2019une Vespa sur laquelle on a ajout\u00e9 une troisi\u00e8me roue, un petit canap\u00e9 \u00e0 l\u2019arri\u00e8re, puis recouverte d\u2019une coque en bois et d\u00e9cor\u00e9e avec des petits rideaux, le r\u00e9sultat fut semblable \u00e0 une cal\u00e8che d\u2019antan tir\u00e9e par les chevaux. Les intentions de la maison \u00ab\u00a0Piaggio\u00a0\u00bb \u00e9tait de construire un petit v\u00e9hicule \u00e9conomique, con\u00e7u pour de court trajet, adapt\u00e9 \u00e0 de nombreuses localit\u00e9s touristiques de l\u2019apr\u00e8s guerre, touristes venant surtout du nord de l\u2019Europe et des Etats Unis.<\/p>\n<p style=\"text-align: justify;\">Le \u00ab\u00a0Calessino\u00a0\u00bb est disponible pour les mariages, adapt\u00e9 pour tout type de f\u00eate de nature\u00a0 traditionnelle, ce v\u00e9hicule des ann\u00e9es 50 ajoute une touche d\u2019originalit\u00e9 et\u00a0 image \u00ab\u00a0vintage\u00a0\u00bb m\u00eame pour se d\u00e9placer dans SantaTeresa Gallura et zone limitrophe.<\/p>\n","protected":false},"excerpt":{"rendered":"<p>Nostalgique et originale Le \u201cCalessino\u201d nait en 1948 d\u2019une modification apport\u00e9e \u00e0 la petite voiture appel\u00e9e \u00ab\u00a0Ape\u00a0\u00bb et d\u2019une transformation faite sur la \u00ab\u00a0Vespa\u00a0\u00bb en lui ajoutant une troisi\u00e8me roue. Son nom \u00ab\u00a0petite cal\u00e8che\u00a0\u00bb d\u00e9rive de l\u2019aspect de son premier mod\u00e8le, constitu\u00e9e \u00e0 partir d\u2019une Vespa sur laquelle on a [&hellip;]<\/p>\n","protected":false},"author":118,"featured_media":229,"parent":810,"menu_order":0,"comment_status":"closed","ping_status":"closed","template":"","meta":[],"yoast_head":"<!-- This site is optimized with the Yoast SEO plugin v17.0 - https:\/\/yoast.com\/wordpress\/plugins\/seo\/ -->\r\n<title>Calessino Piaggio - Just Sardinia<\/title>\r\n<meta name=\"robots\" content=\"index, follow, max-snippet:-1, max-image-preview:large, max-video-preview:-1\" \/>\r\n<link rel=\"canonical\" href=\"http:\/\/taxisantateresa.it\/index.php\/fr\/location-de-vehicule-pour-les-ceremonies\/calessino-piaggio-fr\/\" \/>\r\n<meta property=\"og:locale\" content=\"it_IT\" \/>\r\n<meta property=\"og:type\" content=\"article\" \/>\r\n<meta property=\"og:title\" content=\"Calessino Piaggio - Just Sardinia\" \/>\r\n<meta property=\"og:description\" content=\"Nostalgique et originale Le \u201cCalessino\u201d nait en 1948 d\u2019une modification apport\u00e9e \u00e0 la petite voiture appel\u00e9e \u00ab\u00a0Ape\u00a0\u00bb et d\u2019une transformation faite sur la \u00ab\u00a0Vespa\u00a0\u00bb en lui ajoutant une troisi\u00e8me roue. Son nom \u00ab\u00a0petite cal\u00e8che\u00a0\u00bb d\u00e9rive de l\u2019aspect de son premier mod\u00e8le, constitu\u00e9e \u00e0 partir d\u2019une Vespa sur laquelle on a [&hellip;]\" \/>\r\n<meta property=\"og:url\" content=\"http:\/\/taxisantateresa.it\/index.php\/fr\/location-de-vehicule-pour-les-ceremonies\/calessino-piaggio-fr\/\" \/>\r\n<meta property=\"og:site_name\" content=\"Just Sardinia\" \/>\r\n<meta property=\"article:modified_time\" content=\"2016-06-27T09:10:49+00:00\" \/>\r\n<meta property=\"og:image\" content=\"http:\/\/taxisantateresagallura.com\/wp-content\/uploads\/2015\/12\/calessino.jpg\" \/>\r\n\t<meta property=\"og:image:width\" content=\"1024\" \/>\r\n\t<meta property=\"og:image:height\" content=\"160\" \/>\r\n<meta name=\"twitter:card\" content=\"summary_large_image\" \/>\r\n<meta name=\"twitter:label1\" content=\"Tempo di lettura stimato\" \/>\n\t<meta name=\"twitter:data1\" content=\"1 minuto\" \/>\r\n<script type=\"application\/ld+json\" class=\"yoast-schema-graph\">{\"@context\":\"https:\/\/schema.org\",\"@graph\":[{\"@type\":\"WebSite\",\"@id\":\"http:\/\/ncc-taxisantateresagallura.it\/index.php\/ru\/#website\",\"url\":\"http:\/\/ncc-taxisantateresagallura.it\/index.php\/ru\/\",\"name\":\"Just Sardinia\",\"description\":\"...the best way to travel\",\"potentialAction\":[{\"@type\":\"SearchAction\",\"target\":{\"@type\":\"EntryPoint\",\"urlTemplate\":\"http:\/\/ncc-taxisantateresagallura.it\/index.php\/ru\/?s={search_term_string}\"},\"query-input\":\"required name=search_term_string\"}],\"inLanguage\":\"it-IT\"},{\"@type\":\"ImageObject\",\"@id\":\"http:\/\/taxisantateresa.it\/index.php\/fr\/location-de-vehicule-pour-les-ceremonies\/calessino-piaggio-fr\/#primaryimage\",\"inLanguage\":\"it-IT\",\"url\":\"http:\/\/taxisantateresa.it\/wp-content\/uploads\/2015\/12\/calessino.jpg\",\"contentUrl\":\"http:\/\/taxisantateresa.it\/wp-content\/uploads\/2015\/12\/calessino.jpg\",\"width\":1024,\"height\":160},{\"@type\":\"WebPage\",\"@id\":\"http:\/\/taxisantateresa.it\/index.php\/fr\/location-de-vehicule-pour-les-ceremonies\/calessino-piaggio-fr\/#webpage\",\"url\":\"http:\/\/taxisantateresa.it\/index.php\/fr\/location-de-vehicule-pour-les-ceremonies\/calessino-piaggio-fr\/\",\"name\":\"Calessino Piaggio - Just Sardinia\",\"isPartOf\":{\"@id\":\"http:\/\/ncc-taxisantateresagallura.it\/index.php\/ru\/#website\"},\"primaryImageOfPage\":{\"@id\":\"http:\/\/taxisantateresa.it\/index.php\/fr\/location-de-vehicule-pour-les-ceremonies\/calessino-piaggio-fr\/#primaryimage\"},\"datePublished\":\"2016-05-20T14:50:15+00:00\",\"dateModified\":\"2016-06-27T09:10:49+00:00\",\"breadcrumb\":{\"@id\":\"http:\/\/taxisantateresa.it\/index.php\/fr\/location-de-vehicule-pour-les-ceremonies\/calessino-piaggio-fr\/#breadcrumb\"},\"inLanguage\":\"it-IT\",\"potentialAction\":[{\"@type\":\"ReadAction\",\"target\":[\"http:\/\/taxisantateresa.it\/index.php\/fr\/location-de-vehicule-pour-les-ceremonies\/calessino-piaggio-fr\/\"]}]},{\"@type\":\"BreadcrumbList\",\"@id\":\"http:\/\/taxisantateresa.it\/index.php\/fr\/location-de-vehicule-pour-les-ceremonies\/calessino-piaggio-fr\/#breadcrumb\",\"itemListElement\":[{\"@type\":\"ListItem\",\"position\":1,\"name\":\"Home\",\"item\":\"http:\/\/ncc-taxisantateresagallura.it\/index.php\/ru\/\"},{\"@type\":\"ListItem\",\"position\":2,\"name\":\"Location de v\\u00e9hicule pour les c\\u00e9r\\u00e9monies\",\"item\":\"http:\/\/www.taxisantateresa.it\/index.php\/fr\/location-de-vehicule-pour-les-ceremonies\/\"},{\"@type\":\"ListItem\",\"position\":3,\"name\":\"Calessino Piaggio\"}]}]}<\/script>\r\n<!-- \/ Yoast SEO plugin. -->","yoast_head_json":{"title":"Calessino Piaggio - Just Sardinia","robots":{"index":"index","follow":"follow","max-snippet":"max-snippet:-1","max-image-preview":"max-image-preview:large","max-video-preview":"max-video-preview:-1"},"canonical":"http:\/\/taxisantateresa.it\/index.php\/fr\/location-de-vehicule-pour-les-ceremonies\/calessino-piaggio-fr\/","og_locale":"it_IT","og_type":"article","og_title":"Calessino Piaggio - Just Sardinia","og_description":"Nostalgique et originale Le \u201cCalessino\u201d nait en 1948 d\u2019une modification apport\u00e9e \u00e0 la petite voiture appel\u00e9e \u00ab\u00a0Ape\u00a0\u00bb et d\u2019une transformation faite sur la \u00ab\u00a0Vespa\u00a0\u00bb en lui ajoutant une troisi\u00e8me roue. Son nom \u00ab\u00a0petite cal\u00e8che\u00a0\u00bb d\u00e9rive de l\u2019aspect de son premier mod\u00e8le, constitu\u00e9e \u00e0 partir d\u2019une Vespa sur laquelle on a [&hellip;]","og_url":"http:\/\/taxisantateresa.it\/index.php\/fr\/location-de-vehicule-pour-les-ceremonies\/calessino-piaggio-fr\/","og_site_name":"Just Sardinia","article_modified_time":"2016-06-27T09:10:49+00:00","og_image":[{"width":1024,"height":160,"url":"http:\/\/taxisantateresagallura.com\/wp-content\/uploads\/2015\/12\/calessino.jpg","path":"C:\\inetpub\\wwwroot\\WP_justsardinia\/wp-content\/uploads\/2015\/12\/calessino.jpg","size":"full","id":229,"alt":"","pixels":163840,"type":"image\/jpeg"}],"twitter_card":"summary_large_image","twitter_misc":{"Tempo di lettura stimato":"1 minuto"},"schema":{"@context":"https:\/\/schema.org","@graph":[{"@type":"WebSite","@id":"http:\/\/ncc-taxisantateresagallura.it\/index.php\/ru\/#website","url":"http:\/\/ncc-taxisantateresagallura.it\/index.php\/ru\/","name":"Just Sardinia","description":"...the best way to travel","potentialAction":[{"@type":"SearchAction","target":{"@type":"EntryPoint","urlTemplate":"http:\/\/ncc-taxisantateresagallura.it\/index.php\/ru\/?s={search_term_string}"},"query-input":"required name=search_term_string"}],"inLanguage":"it-IT"},{"@type":"ImageObject","@id":"http:\/\/taxisantateresa.it\/index.php\/fr\/location-de-vehicule-pour-les-ceremonies\/calessino-piaggio-fr\/#primaryimage","inLanguage":"it-IT","url":"http:\/\/taxisantateresa.it\/wp-content\/uploads\/2015\/12\/calessino.jpg","contentUrl":"http:\/\/taxisantateresa.it\/wp-content\/uploads\/2015\/12\/calessino.jpg","width":1024,"height":160},{"@type":"WebPage","@id":"http:\/\/taxisantateresa.it\/index.php\/fr\/location-de-vehicule-pour-les-ceremonies\/calessino-piaggio-fr\/#webpage","url":"http:\/\/taxisantateresa.it\/index.php\/fr\/location-de-vehicule-pour-les-ceremonies\/calessino-piaggio-fr\/","name":"Calessino Piaggio - Just Sardinia","isPartOf":{"@id":"http:\/\/ncc-taxisantateresagallura.it\/index.php\/ru\/#website"},"primaryImageOfPage":{"@id":"http:\/\/taxisantateresa.it\/index.php\/fr\/location-de-vehicule-pour-les-ceremonies\/calessino-piaggio-fr\/#primaryimage"},"datePublished":"2016-05-20T14:50:15+00:00","dateModified":"2016-06-27T09:10:49+00:00","breadcrumb":{"@id":"http:\/\/taxisantateresa.it\/index.php\/fr\/location-de-vehicule-pour-les-ceremonies\/calessino-piaggio-fr\/#breadcrumb"},"inLanguage":"it-IT","potentialAction":[{"@type":"ReadAction","target":["http:\/\/taxisantateresa.it\/index.php\/fr\/location-de-vehicule-pour-les-ceremonies\/calessino-piaggio-fr\/"]}]},{"@type":"BreadcrumbList","@id":"http:\/\/taxisantateresa.it\/index.php\/fr\/location-de-vehicule-pour-les-ceremonies\/calessino-piaggio-fr\/#breadcrumb","itemListElement":[{"@type":"ListItem","position":1,"name":"Home","item":"http:\/\/ncc-taxisantateresagallura.it\/index.php\/ru\/"},{"@type":"ListItem","position":2,"name":"Location de v\u00e9hicule pour les c\u00e9r\u00e9monies","item":"http:\/\/www.taxisantateresa.it\/index.php\/fr\/location-de-vehicule-pour-les-ceremonies\/"},{"@type":"ListItem","position":3,"name":"Calessino Piaggio"}]}]}},"_links":{"self":[{"href":"http:\/\/taxisantateresa.it\/index.php\/wp-json\/wp\/v2\/pages\/816"}],"collection":[{"href":"http:\/\/taxisantateresa.it\/index.php\/wp-json\/wp\/v2\/pages"}],"about":[{"href":"http:\/\/taxisantateresa.it\/index.php\/wp-json\/wp\/v2\/types\/page"}],"author":[{"embeddable":true,"href":"http:\/\/taxisantateresa.it\/index.php\/wp-json\/wp\/v2\/users\/118"}],"replies":[{"embeddable":true,"href":"http:\/\/taxisantateresa.it\/index.php\/wp-json\/wp\/v2\/comments?post=816"}],"version-history":[{"count":2,"href":"http:\/\/taxisantateresa.it\/index.php\/wp-json\/wp\/v2\/pages\/816\/revisions"}],"predecessor-version":[{"id":1102,"href":"http:\/\/taxisantateresa.it\/index.php\/wp-json\/wp\/v2\/pages\/816\/revisions\/1102"}],"up":[{"embeddable":true,"href":"http:\/\/taxisantateresa.it\/index.php\/wp-json\/wp\/v2\/pages\/810"}],"wp:featuredmedia":[{"embeddable":true,"href":"http:\/\/taxisantateresa.it\/index.php\/wp-json\/wp\/v2\/media\/229"}],"wp:attachment":[{"href":"http:\/\/taxisantateresa.it\/index.php\/wp-json\/wp\/v2\/media?parent=816"}],"curies":[{"name":"wp","href":"https:\/\/api.w.org\/{rel}","templated":true}]}}